{"id":7563,"date":"2021-11-03T13:01:55","date_gmt":"2021-11-03T12:01:55","guid":{"rendered":"https:\/\/arterrabio.it\/press\/"},"modified":"2026-03-30T09:57:41","modified_gmt":"2026-03-30T07:57:41","slug":"press","status":"publish","type":"page","link":"https:\/\/arterrabio.it\/en\/press\/","title":{"rendered":"Press"},"content":{"rendered":"<h3>La Repubblica<\/h3>\n<p>27-03-2026<br \/>\n<b><\/b><strong><b><a href=\"https:\/\/arterrabio.it\/wp-content\/uploads\/2026\/03\/Arterra-Bioscience-conti-in-crescita-a-doppia-cifra-nel-2025-27032026.pdf\">Arterra <span class=\"NormalTextRun SCXW40799604 BCX8\">Bioscience: double-digit revenue growth in 2025 and a <\/span><span class=\"NormalTextRun SpellingErrorV2Themed SCXW40799604 BCX8\">dividend<\/span><span class=\"NormalTextRun SCXW40799604 BCX8\">\u00a0of \u20ac<\/span><span class=\"NormalTextRun SCXW40799604 BCX8\">\u00a0<\/span><span class=\"NormalTextRun SCXW40799604 BCX8\">0.15<\/span><\/a><\/b><\/strong><\/p>\n<h3>Euroborsa<\/h3>\n<p>27-03-2026<br \/>\n<b><span data-contrast=\"auto\"><strong><a href=\"https:\/\/arterrabio.it\/wp-content\/uploads\/2026\/03\/Arterra-Bioscience-cresce-a-doppia-cifra-e-rafforza-la-leadership-nel-biotech-green-27032026.pdf\">Arterra <span class=\"NormalTextRun SCXW40799604 BCX8\">Bioscience achieves double-digit growth and strengthens its leading position in the green biotechnology sector<\/span><\/a><\/strong><\/span><\/b><\/p>\n<h3>Il Mattino<\/h3>\n<p>05-03-2026<br \/>\n<b><\/b><strong><b><a href=\"https:\/\/arterrabio.it\/wp-content\/uploads\/2026\/03\/Arterra-La-green-biotech-che-sviluppa-il-nuovo-make-up-05032026.pdf\">Arterra &#8211; La green biotech che sviluppa il nuovo make-up<\/a><\/b><\/strong><\/p>\n<h3>Il Sole 24 Ore<\/h3>\n<p>18-11-2025<br \/>\n<strong><b><a href=\"https:\/\/arterrabio.it\/wp-content\/uploads\/2025\/11\/Egm-ai-raggi-X-Arterra-Bioscience-vede-un-balzo-dei-ricavi-del-292-Il-Sole-24-Ore-18112025.pdf\">EGM under the microscope: Arterra Bioscience reports a 29,2% jump in revenue<\/a><\/b><\/strong><b><\/b><\/p>\n<h3>La Repubblica<\/h3>\n<p>11-02-2024<br \/>\n<strong><b><a href=\"https:\/\/arterrabio.it\/wp-content\/uploads\/2024\/03\/La-Repubblica-11022024-1.pdf\">Gabriella Colucci, the Neapolitan microbiologist and the almost female biotech company<\/a><\/b><\/strong><\/p>\n<h3>Premio Export Italia<\/h3>\n<p>October 2023<br \/>\n<strong><b><a href=\"https:\/\/arterrabio.it\/wp-content\/uploads\/2024\/01\/ARTERRA-BIOSCIENCE-spa-Issuu.pdf\">OVERSEAS &#8211; Italian stories about (extra)ordinary exports<\/a><\/b><\/strong><\/p>\n<h3>La MescoLanza<\/h3>\n<p>28-06-2022<br \/>\n<strong><b><a href=\"https:\/\/www.lamescolanza.com\/2022\/06\/28\/arterra-bioscience-ammissione-finanziamento-e-concessione-agevolazioni-per-il-progetto-smartlab-dal-valore-di-1-mln\/\">Arterra Bioscience approved for funding and awarded grants for \u201cSmartLAB\u201d project with a value of \u20ac 1 million<\/a><\/b><\/strong><\/p>\n<h3>Il Mattino<\/h3>\n<h3><span style=\"font-size: 14px; color: #333333;\">25-05-2022<\/span><\/h3>\n<p><strong><b><a href=\"https:\/\/arterrabio.it\/wp-content\/uploads\/2022\/06\/I-130-anni-del-Mattino-25052022.pdf\">130 years of Il Mattino &#8211; &#8220;Giants of Il Mattino&#8221; award for Gabriella Colucci<\/a><\/b><\/strong><\/p>\n<h3>Green Planner Magazine<\/h3>\n<p>26-11-2021<br \/>\n<strong><b><a href=\"https:\/\/www.greenplanner.it\/2021\/11\/26\/arterra-bioscience-cosmetici-circolari\/\">GreenBiotech al servizio della cosmesi, l&#8217;esperienza di Arterra<\/a><\/b><\/strong><\/p>\n<h3>Teleborsa<\/h3>\n<p>17-11-2021<br \/>\n<strong><b><a href=\"https:\/\/www.teleborsa.it\/News\/2021\/11\/17\/ambiente-enea-cosmetici-sicuri-e-sostenibili-da-piante-scarti-agricoli-e-cellule-vegetali-171.html#.YaTgri9aaCc\">Ambiente, ENEA: \u201cCosmetici sicuri e sostenibili da piante, scarti agricoli e cellule vegetali\u201d<\/a><\/b><\/strong><\/p>\n<h3>Italia Informa<\/h3>\n<p>05-11-2020<br \/>\n<strong><b><a href=\"%22https:\/\/arterrabio.it\/wp-content\/uploads\/2020\/11\/Gabriella-Colucci-NEXT-GEMS-2020-Virtual-Investors-Conference.mp4%22\">NEXT GEMs Conference<\/a><\/b><\/strong><\/p>\n<h3>Class CNBC &#8211; Milano Finanza<\/h3>\n<p>05-08-2020<br \/>\n<strong><b><a href=\"%22https:\/\/arterrabio.it\/wp-content\/uploads\/2020\/09\/Class-CNBC-Milano-Finanza-AIM-Italia-Interview-G.-Colucci-05.08.2020.mp4%22\">AIM Italia<\/a><\/b><\/strong><\/p>\n<h3>Il Mattino<\/h3>\n<p>26-06-2020<br \/>\n<strong><b><a href=\"%22https:\/\/arterrabio.it\/wp-content\/uploads\/2020\/08\/Dalla-Nigeria-agli-USA-cos\u00ec-ho-scelto-la-ricerca-Il-Mattino-26.06.2020.pdf%22\">Dalla Nigeria agli USA cos\u00ec ho scelto la ricerca<\/a><\/b><\/strong><\/p>\n<h3>Il Mattino<\/h3>\n<p>11-12-2019<br \/>\n<strong><b><a href=\"%22https:\/\/arterrabio.it\/wp-content\/uploads\/2019\/12\/Il-Mattino-11122019-4.pdf%22\">Ma c&#8217;\u00e8 ancora molto da fare per la vera parit\u00e0 sul lavoro<\/a><\/b><\/strong><\/p>\n<h3>ItaliaOggi<\/h3>\n<p>31-10-2019<br \/>\n<strong><b><a href=\"%22https:\/\/arterrabio.it\/wp-content\/uploads\/2019\/11\/31-10-19_ItaliaOggi.pdf%22\">Dopo lo scandalo Bio-On arriva l&#8217;ottimo collocamento di Arterra<\/a><\/b><\/strong><\/p>\n<h3>Il Mattino<\/h3>\n<p>25-10-2019<br \/>\n<strong><b><a href=\"%22https:\/\/arterrabio.it\/wp-content\/uploads\/2019\/10\/25-10-19_Il-Mattino.pdf%22\">Arterra va in Borsa: richieste 7 volte l&#8217;offerta<\/a><\/b><\/strong><\/p>\n<h3>ItaliaOggi<\/h3>\n<p>25-10-2019<br \/>\n<a href=\"%22https:\/\/arterrabio.it\/wp-content\/uploads\/2019\/10\/25-10-19_ItaliaOggi.pdf%22\"><strong><b>Brevi<\/b><\/strong><\/a><\/p>\n<h3>MF | Milano Finanza<\/h3>\n<p>25-10-2019<br \/>\n<a href=\"%22https:\/\/arterrabio.it\/wp-content\/uploads\/2019\/10\/25-10-19_MF.pdf%22\"><strong><b>Pillole<\/b><\/strong><\/a><\/p>\n<h3>Corriere del Mezzogiorno<\/h3>\n<p>24-10-2019<br \/>\n<strong><b><a href=\"%22https:\/\/arterrabio.it\/wp-content\/uploads\/2019\/10\/25-10-19_Corriere-del-Mezzogiorno.pdf%22\">Arterra Bioscience, \u00e8 realt\u00e0 la quotazione in Borsa Italiana<\/a><\/b><\/strong><\/p>\n<h3>Il Giornale<\/h3>\n<p>21-10-2019<br \/>\n<a href=\"%22https:\/\/arterrabio.it\/wp-content\/uploads\/2019\/10\/21-10-19_Il-Giornale.pdf%22\"><strong><b>Il mondo cambia volto e le nuove \u00abGoogle\u00bb sono pronte allo scatto\u00a0<\/b><\/strong><\/a><\/p>\n<h3>Il Mattino<\/h3>\n<p>15-10-2019<br \/>\n<a href=\"%22https:\/\/arterrabio.it\/wp-content\/uploads\/2019\/10\/15-10-19_Il-Mattino.pdf%22\"><strong>La scienziata napoletana che si quota a Piazza Affari<\/strong><\/a><\/p>\n<h3>Libero<\/h3>\n<p>11-10-2019<br \/>\n<a href=\"%22https:\/\/arterrabio.it\/wp-content\/uploads\/2019\/10\/11-10-19_Libero.pdf%22\"><strong>Parte l&#8217;offerta di Arterra<\/strong><\/a><\/p>\n<h3>Il Sole 24 Ore<\/h3>\n<p>10-10-2019<br \/>\n<a href=\"%22https:\/\/arterrabio.it\/wp-content\/uploads\/2019\/10\/10-10-19_Il-Sole-24-Ore.pdf%22\"><strong>Al via bookbuilding per ammissione Aim<\/strong><\/a><\/p>\n<h3>MF | Milano Finanza<\/h3>\n<p>10-10-2019<br \/>\n<a href=\"%22https:\/\/arterrabio.it\/wp-content\/uploads\/2019\/10\/10-10-19_MF.pdf%22\"><strong>Arterra Bio avvia il bookbuilding per arrivare all&#8217;Aim<\/strong><\/a><\/p>\n<h3>ItaliaOggi<\/h3>\n<p>10-10-2019<br \/>\n<a href=\"%22https:\/\/arterrabio.it\/wp-content\/uploads\/2019\/10\/10-10-19_ItaliaOggi.pdf%22\"><strong>Arterra Bio si prepara allo sbarco su Aim Italia<\/strong><\/a><\/p>\n<h3>Il Mattino<\/h3>\n<p>10-10-2019<br \/>\n<a href=\"%22https:\/\/arterrabio.it\/wp-content\/uploads\/2019\/10\/10-10-19_Il-Mattino.pdf%22\"><strong>Arterra Bio in Borsa da Napoli all\u2019Aim<\/strong><\/a><\/p>\n<h3>Agenzie e testate online<\/h3>\n<p>10-10-2019<\/p>\n<p>Arterra Bioscience si prepara a entrare a Piazza Affari, prezzo tra 2,40 e 3,19 euro<\/p>\n<p><a href=\"%22https:\/\/www.reuters.com\/article\/italy-factors-oct-10\/italy-factors-to-watch-on-oct-10-idUSL5N26U2ET%22\">Reuters.com<\/a><br \/>\n<a href=\"%22https:\/\/www.finanza.com\/Finanza\/Notizie_Italia\/Italia\/notizia\/Arterra_Bioscience_si_prepara_a_entrare_a_Piazza_Affari_pre-512135%22\">Finanza.com<\/a><br \/>\n<a href=\"%22https:\/\/www.borse.it\/articolo\/ultime-notizie\/Arterra-Bioscience-si-prepara-a-entrare-a-Piazza-Affari-prezzo-tra-2-40-e-3-19-euro__512135%22\">Borse.it<\/a><br \/>\n<a href=\"%22https:\/\/www.italiaoggi.it\/news\/arterra-bio-si-prepara-allo-sbarco-su-aim-italia-2393404%22\">Italiaoggi.it<\/a><br \/>\n<a href=\"%22https:\/\/www.finanzaonline.com\/notizie\/arterra-bioscience-si-prepara-a-entrare-a-piazza-affari-prezzo-tra-240-e-319-euro%22\">Finanzaonline.com<\/a><\/p>\n<h3>Milano Finanza<\/h3>\n<p>24-09-2019<br \/>\n<a href=\"%22https:\/\/aimnews.milanofinanza.it\/news\/arterra-vuole-portare-le-bioscienza-sull-aim-italia-201909232135335531%22\"><strong>Arterra vuole portare le bioscienza sull&#8217;AIM<\/strong><\/a><\/p>\n<h3>Renewable Matter<\/h3>\n<p>07-2019<br \/>\n<a href=\"%22https:\/\/arterrabio.it\/wp-content\/uploads\/2019\/07\/W_Poggiali.pdf%22\"><b>Bellezza ecologica<\/b><\/a><\/p>\n<h3>La repubblica<\/h3>\n<p>12-06-2018<br \/>\n<a href=\"\/\/www.repubblica.it\/economia\/2018\/06\/12\/news\/manager_imprenditrici_ed_economiste_chi_sono_le_donne_che_hanno_ricevuto_il_premio_marisa_bellisario-198850090\/%22\" target=\"%22_blank%22\" rel=\"%22noopener noopener\">Manager, imprenditrici ed economiste: chi sono le donne che hanno ricevuto il premio Marisa Bellisario<\/a><\/p>\n<h3>Le scienze<\/h3>\n<p>03-07-2018<br \/>\n<a href=\"\/\/arterrabio.it\/file\/MADE_IN_ITALY.pdf%22\" target=\"%22_blank%22\" rel=\"%22noopener noopener\">Biotecnologie in chiave vegetale<\/a><\/p>\n<h3>VEDANADOSAH<\/h3>\n<p>29-06-2018<br \/>\n<a href=\"\/\/vedanadosah.cvtisr.sk\/vitazkou-sutaze-cena-eu-pre-zeny-inovatorky-je-gabriella-colucci-z-talianska%22\" target=\"%22_blank%22\" rel=\"%22noopener noopener\">V\u00edtazkou s\u00fata\u017ee Cena E\u00da pre \u017eeny inov\u00e1torky je Gabriella Colucci z Talianska<\/a><\/p>\n<h3>EuroEFE<\/h3>\n<p>21-06-2018<br \/>\n<a href=\"euroefe.euractiv.es\/6298_ciencia-y-tecnologia\/5467125_la-italiana-gabriella-colucci-primer-premio-de-la-ue-para-mujeres-innovadoras.html+&amp;cd=1&amp;hl=it&amp;ct=clnk&amp;gl=it%22\" target=\"%22_blank%22\" rel=\"%22noopener noopener\">La italiana Gabriella Colucci, primer premio de la UE para Mujeres Innovadoras<\/a><\/p>\n<h3>Euronews<\/h3>\n<p>29-06-2018<br \/>\n<a href=\"\/\/www.euronews.com\/2018\/06\/29\/supporting-women-s-entrepreneurship-in-europe%22\" target=\"%22_blank%22\" rel=\"%22noopener noopener\">Supporting women&#8217;s entrepreneurship in Europe<\/a><\/p>\n<h3>HORIZON- The EU research&amp;Innovation Magazine<\/h3>\n<p>22-06-2018<br \/>\n<a href=\"\/\/horizon-magazine.eu\/article\/plant-based-molecules-company-wins-eu-s-women-innovators-prize.html%22\" target=\"%22_blank%22\" rel=\"%22noopener noopener\">Plant-based molecules company wins EU\u2019s women innovators prize<\/a><\/p>\n<h3>INTESA SAN PAOLO PRESS RELEASE<\/h3>\n<p>14-06-2018<br \/>\n<a href=\"\/\/www.intesasanpaolo.com\/it\/news\/imprese-e-start-up\/women-value-company-diversity-management-e-pari-opportunita.html%22\" target=\"%22_blank%22\" rel=\"%22noopener noopener\">Bellisario Award-Women Value Company Intesa Sanpaolo<\/a><\/p>\n<h3>Il fatto alimentare<\/h3>\n<p>05-11-2015<br \/>\n<a href=\"\/\/ilfattoalimentare.it\/scarti-vegetali-rifiuti-risorsa.html%22\" target=\"%22_blank%22\" rel=\"%22noopener noopener\">Scarti vegetali, da rifiuto a risorsa: le parti eliminate di pomodori, uva o mandarini possono diventare anche cosmetici<\/a><\/p>\n<h3>Il Sole 24 ore<\/h3>\n<p>07-07-2010<br \/>\n<a href=\"\/\/arterrabio.it\/wp-content\/uploads\/2019\/09\/ilsole24ore07-07-10.pdf%22\" target=\"%22_blank%22\" rel=\"%22noopener noopener\">Arterra: la California a Napoli Est<\/a><\/p>\n<h3>Il Mattino<\/h3>\n<p>24-05-2010<br \/>\n<a href=\"\/\/arterrabio.it\/wp-content\/uploads\/2019\/09\/ilmattino24-05-10.pdf%22\" target=\"%22_blank%22\" rel=\"%22noopener noopener\">La controfuga dei cervelli<\/a><\/p>\n<h3>Il Sole 24 ore<\/h3>\n<p>22-12-2009<br \/>\n<a href=\"\/\/arterrabio.it\/file\/ilsole24ore22-12-09.pdf%22\" target=\"%22_blank%22\" rel=\"%22noopener noopener\">Il futuro parte da qui<\/a><\/p>\n<h3>La Repubblica<\/h3>\n<p>12-08-2007<br \/>\n<a href=\"\/\/arterrabio.it\/wp-content\/uploads\/2019\/09\/repubblica12-08-07.pdf%22\" target=\"%22_blank%22\" rel=\"%22noopener noopener\">Un po&#8217; di California abita qui. Arterra Bioscience dove nascono le novit\u00e0 dell\u2019agricoltura<\/a><\/p>\n<h3>Il Denaro<\/h3>\n<p>20-05-2006<br \/>\n<a href=\"\/\/arterrabio.it\/wp-content\/uploads\/2019\/09\/IlDenaro20-05-06.pdf%22\" target=\"%22_blank%22\" rel=\"%22noopener noopener\">Prima donna; ecco le PMI rosa eccellenti<\/a><\/p>\n<h3><a class=\"%22linkmediagiallo%22\" href=\"\/\/arterrabio.it\/wp-content\/uploads\/2019\/09\/agrow18-02-05.pdf%22\" target=\"%22_blank%22\" rel=\"%22noopener noopener\">Agrow<\/a><\/h3>\n<p>18-02-2005<\/p>\n<h3>Il Denaro<\/h3>\n<p>01-02-2005<br \/>\n<a href=\"\/\/arterrabio.it\/wp-content\/uploads\/2019\/09\/IlDenaro01-02-05.pdf%22\" target=\"%22_blank%22\" rel=\"%22noopener noopener\">Diventiamo il braccio biotech di Isagro<\/a><\/p>\n<h3>Il Sole 24 ore<\/h3>\n<p>29-01-2005<br \/>\n<a href=\"\/\/arterrabio.it\/wp-content\/uploads\/2019\/09\/ilsole24ore29-01-05.pdf%22\" target=\"%22_blank%22\" rel=\"%22noopener noopener\">Isagro entra in Arterra Bioscience<\/a><\/p>\n<h3>Il Denaro<\/h3>\n<p>11-12-2004<br \/>\n<a href=\"\/\/arterrabio.it\/wp-content\/uploads\/2019\/09\/IlDenaro11-12-04.pdf%22\" target=\"%22_blank%22\" rel=\"%22noopener noopener\">Agrofarmaci, innovazione nelle terapie<\/a><\/p>\n<h3>La Repubblica<\/h3>\n<p>22-07-2004<br \/>\n<a href=\"\/\/arterrabio.it\/wp-content\/uploads\/2019\/09\/repubblica22-07-04.pdf%22\" target=\"%22_blank%22\" rel=\"%22noopener noopener\">La Campania di Archimede. Dalle biotecnologie alle comunicazioni: \u201cIl Sud \u00e8 creativo\u201d<\/a><\/p>\n<h3>Il Sannio<\/h3>\n<p>19-07-2004<br \/>\n<a href=\"\/\/arterrabio.it\/wp-content\/uploads\/2019\/09\/ilsannio19-07-04.pdf%22\" target=\"%22_blank%22\" rel=\"%22noopener noopener\">Innovation Day: a Citt\u00e0 della Scienza protagonisti giovani e nuove tecnologie<\/a><\/p>\n<h3>Il Denaro<\/h3>\n<p>10-07-2004<br \/>\n<a href=\"\/\/arterrabio.it\/wp-content\/uploads\/2019\/09\/ilDenaro10-07-04.pdf%22\" target=\"%22_blank%22\" rel=\"%22noopener noopener\">Innovation Day, la ricerca \u00e8 protagonista<\/a><\/p>\n<h3>Il Denaro<\/h3>\n<p>21-04-2004<br \/>\n<a href=\"\/\/arterrabio.it\/wp-content\/uploads\/2019\/09\/ilDenaro21-04-04.pdf%22\" target=\"%22_blank%22\" rel=\"%22noopener noopener\">Dalla California a Napoli Biotech per l\u2019agricoltura<\/a><\/p>\n<p>&nbsp;<\/p>\n","protected":false},"excerpt":{"rendered":"<p>La Repubblica 27-03-2026 Arterra Bioscience: double-digit revenue growth in 2025 and a dividend\u00a0of \u20ac\u00a00.15 Euroborsa 27-03-2026 Arterra Bioscience achieves double-digit growth and strengthens its leading position in the green biotechnology sector Il Mattino 05-03-2026 Arterra &#8211; La green biotech che sviluppa il nuovo make-up Il Sole 24 Ore 18-11-2025 EGM under the microscope: Arterra Bioscience [&hellip;]<\/p>\n","protected":false},"author":9,"featured_media":0,"parent":0,"menu_order":0,"comment_status":"closed","ping_status":"closed","template":"","meta":{"_acf_changed":false,"footnotes":""},"class_list":["post-7563","page","type-page","status-publish","hentry"],"acf":[],"yoast_head":"<!-- This site is optimized with the Yoast SEO plugin v27.3 - https:\/\/yoast.com\/product\/yoast-seo-wordpress\/ -->\n<title>Press - Arterra Bioscience<\/title>\n<meta name=\"robots\" content=\"index, follow, max-snippet:-1, max-image-preview:large, max-video-preview:-1\" \/>\n<link rel=\"canonical\" href=\"https:\/\/arterrabio.it\/en\/press\/\" \/>\n<meta property=\"og:locale\" content=\"en_US\" \/>\n<meta property=\"og:type\" content=\"article\" \/>\n<meta property=\"og:title\" content=\"Press - Arterra Bioscience\" \/>\n<meta property=\"og:description\" content=\"La Repubblica 27-03-2026 Arterra Bioscience: double-digit revenue growth in 2025 and a dividend\u00a0of \u20ac\u00a00.15 Euroborsa 27-03-2026 Arterra Bioscience achieves double-digit growth and strengthens its leading position in the green biotechnology sector Il Mattino 05-03-2026 Arterra &#8211; La green biotech che sviluppa il nuovo make-up Il Sole 24 Ore 18-11-2025 EGM under the microscope: Arterra Bioscience [&hellip;]\" \/>\n<meta property=\"og:url\" content=\"https:\/\/arterrabio.it\/en\/press\/\" \/>\n<meta property=\"og:site_name\" content=\"Arterra Bioscience\" \/>\n<meta property=\"article:modified_time\" content=\"2026-03-30T07:57:41+00:00\" \/>\n<meta name=\"twitter:card\" content=\"summary_large_image\" \/>\n<meta name=\"twitter:label1\" content=\"Est. reading time\" \/>\n\t<meta name=\"twitter:data1\" content=\"4 minutes\" \/>\n<script type=\"application\/ld+json\" class=\"yoast-schema-graph\">{\"@context\":\"https:\\\/\\\/schema.org\",\"@graph\":[{\"@type\":\"WebPage\",\"@id\":\"https:\\\/\\\/arterrabio.it\\\/en\\\/press\\\/\",\"url\":\"https:\\\/\\\/arterrabio.it\\\/en\\\/press\\\/\",\"name\":\"Press - Arterra Bioscience\",\"isPartOf\":{\"@id\":\"https:\\\/\\\/arterrabio.it\\\/#website\"},\"datePublished\":\"2021-11-03T12:01:55+00:00\",\"dateModified\":\"2026-03-30T07:57:41+00:00\",\"breadcrumb\":{\"@id\":\"https:\\\/\\\/arterrabio.it\\\/en\\\/press\\\/#breadcrumb\"},\"inLanguage\":\"en-US\",\"potentialAction\":[{\"@type\":\"ReadAction\",\"target\":[\"https:\\\/\\\/arterrabio.it\\\/en\\\/press\\\/\"]}]},{\"@type\":\"BreadcrumbList\",\"@id\":\"https:\\\/\\\/arterrabio.it\\\/en\\\/press\\\/#breadcrumb\",\"itemListElement\":[{\"@type\":\"ListItem\",\"position\":1,\"name\":\"Home\",\"item\":\"https:\\\/\\\/arterrabio.it\\\/en\\\/\"},{\"@type\":\"ListItem\",\"position\":2,\"name\":\"Press\"}]},{\"@type\":\"WebSite\",\"@id\":\"https:\\\/\\\/arterrabio.it\\\/#website\",\"url\":\"https:\\\/\\\/arterrabio.it\\\/\",\"name\":\"Arterra Bioscience\",\"description\":\"\",\"potentialAction\":[{\"@type\":\"SearchAction\",\"target\":{\"@type\":\"EntryPoint\",\"urlTemplate\":\"https:\\\/\\\/arterrabio.it\\\/?s={search_term_string}\"},\"query-input\":{\"@type\":\"PropertyValueSpecification\",\"valueRequired\":true,\"valueName\":\"search_term_string\"}}],\"inLanguage\":\"en-US\"}]}<\/script>\n<!-- \/ Yoast SEO plugin. -->","yoast_head_json":{"title":"Press - Arterra Bioscience","robots":{"index":"index","follow":"follow","max-snippet":"max-snippet:-1","max-image-preview":"max-image-preview:large","max-video-preview":"max-video-preview:-1"},"canonical":"https:\/\/arterrabio.it\/en\/press\/","og_locale":"en_US","og_type":"article","og_title":"Press - Arterra Bioscience","og_description":"La Repubblica 27-03-2026 Arterra Bioscience: double-digit revenue growth in 2025 and a dividend\u00a0of \u20ac\u00a00.15 Euroborsa 27-03-2026 Arterra Bioscience achieves double-digit growth and strengthens its leading position in the green biotechnology sector Il Mattino 05-03-2026 Arterra &#8211; La green biotech che sviluppa il nuovo make-up Il Sole 24 Ore 18-11-2025 EGM under the microscope: Arterra Bioscience [&hellip;]","og_url":"https:\/\/arterrabio.it\/en\/press\/","og_site_name":"Arterra Bioscience","article_modified_time":"2026-03-30T07:57:41+00:00","twitter_card":"summary_large_image","twitter_misc":{"Est. reading time":"4 minutes"},"schema":{"@context":"https:\/\/schema.org","@graph":[{"@type":"WebPage","@id":"https:\/\/arterrabio.it\/en\/press\/","url":"https:\/\/arterrabio.it\/en\/press\/","name":"Press - Arterra Bioscience","isPartOf":{"@id":"https:\/\/arterrabio.it\/#website"},"datePublished":"2021-11-03T12:01:55+00:00","dateModified":"2026-03-30T07:57:41+00:00","breadcrumb":{"@id":"https:\/\/arterrabio.it\/en\/press\/#breadcrumb"},"inLanguage":"en-US","potentialAction":[{"@type":"ReadAction","target":["https:\/\/arterrabio.it\/en\/press\/"]}]},{"@type":"BreadcrumbList","@id":"https:\/\/arterrabio.it\/en\/press\/#breadcrumb","itemListElement":[{"@type":"ListItem","position":1,"name":"Home","item":"https:\/\/arterrabio.it\/en\/"},{"@type":"ListItem","position":2,"name":"Press"}]},{"@type":"WebSite","@id":"https:\/\/arterrabio.it\/#website","url":"https:\/\/arterrabio.it\/","name":"Arterra Bioscience","description":"","potentialAction":[{"@type":"SearchAction","target":{"@type":"EntryPoint","urlTemplate":"https:\/\/arterrabio.it\/?s={search_term_string}"},"query-input":{"@type":"PropertyValueSpecification","valueRequired":true,"valueName":"search_term_string"}}],"inLanguage":"en-US"}]}},"_links":{"self":[{"href":"https:\/\/arterrabio.it\/en\/wp-json\/wp\/v2\/pages\/7563","targetHints":{"allow":["GET"]}}],"collection":[{"href":"https:\/\/arterrabio.it\/en\/wp-json\/wp\/v2\/pages"}],"about":[{"href":"https:\/\/arterrabio.it\/en\/wp-json\/wp\/v2\/types\/page"}],"author":[{"embeddable":true,"href":"https:\/\/arterrabio.it\/en\/wp-json\/wp\/v2\/users\/9"}],"replies":[{"embeddable":true,"href":"https:\/\/arterrabio.it\/en\/wp-json\/wp\/v2\/comments?post=7563"}],"version-history":[{"count":11,"href":"https:\/\/arterrabio.it\/en\/wp-json\/wp\/v2\/pages\/7563\/revisions"}],"predecessor-version":[{"id":13005,"href":"https:\/\/arterrabio.it\/en\/wp-json\/wp\/v2\/pages\/7563\/revisions\/13005"}],"wp:attachment":[{"href":"https:\/\/arterrabio.it\/en\/wp-json\/wp\/v2\/media?parent=7563"}],"curies":[{"name":"wp","href":"https:\/\/api.w.org\/{rel}","templated":true}]}}